{"id":33,"date":"2025-10-09T14:15:14","date_gmt":"2025-10-09T12:15:14","guid":{"rendered":"https:\/\/reflex-developpement.fr\/?page_id=33"},"modified":"2025-10-09T16:36:47","modified_gmt":"2025-10-09T14:36:47","slug":"hillstar","status":"publish","type":"page","link":"https:\/\/reflex-developpement.fr\/","title":{"rendered":"Accueil"},"content":{"rendered":"<div data-colibri-id=\"33-c1\" class=\"style-184 style-local-33-c1 position-relative\">\n  <!----><\/p>\n<div data-colibri-component=\"section\" data-colibri-id=\"33-c5\" id=\"about\" class=\"h-section h-section-global-spacing d-flex align-items-lg-center align-items-md-center align-items-center style-188 style-local-33-c5 position-relative\">\n    <!----><br \/>\n    <!----><\/p>\n<div class=\"h-section-grid-container h-section-boxed-container\">\n      <!----><\/p>\n<div data-colibri-id=\"33-c12\" class=\"h-row-container gutters-row-lg-2 gutters-row-md-2 gutters-row-0 gutters-row-v-lg-2 gutters-row-v-md-2 gutters-row-v-2 style-195 style-local-33-c12 position-relative\">\n        <!----><\/p>\n<div class=\"h-row justify-content-lg-center justify-content-md-center justify-content-center align-items-lg-stretch align-items-md-stretch align-items-stretch gutters-col-lg-2 gutters-col-md-2 gutters-col-0 gutters-col-v-lg-2 gutters-col-v-md-2 gutters-col-v-2\">\n          <!----><\/p>\n<div class=\"h-column h-column-container d-flex h-col-lg-auto h-col-md-auto h-col-auto style-196-outer style-local-33-c13-outer\">\n<div data-colibri-id=\"33-c13\" class=\"d-flex h-flex-basis h-column__inner h-px-lg-2 h-px-md-2 h-px-2 v-inner-lg-2 v-inner-md-2 v-inner-2 style-196 style-local-33-c13 position-relative\">\n              <!----><br \/>\n              <!----><\/p>\n<div class=\"w-100 h-y-container h-column__content h-column__v-align flex-basis-100 align-self-lg-center align-self-md-center align-self-center\">\n                <!----><\/p>\n<div data-colibri-id=\"33-c14\" class=\"style-197 style-local-33-c14 position-relative h-element\">\n                  <!---->\n                <\/div>\n<\/p><\/div>\n<\/p><\/div>\n<\/p><\/div>\n<\/p><\/div>\n<\/p><\/div>\n<div data-colibri-id=\"33-c6\" class=\"h-row-container gutters-row-lg-0 gutters-row-md-0 gutters-row-0 gutters-row-v-lg-0 gutters-row-v-md-0 gutters-row-v-0 style-189 style-local-33-c6 position-relative\">\n        <!----><\/p>\n<div class=\"h-row justify-content-lg-center justify-content-md-center justify-content-center align-items-lg-stretch align-items-md-stretch align-items-stretch gutters-col-lg-0 gutters-col-md-0 gutters-col-0 gutters-col-v-lg-0 gutters-col-v-md-0 gutters-col-v-0\">\n          <!----><\/p>\n<div class=\"h-column h-column-container d-flex h-col-lg-auto h-col-md-auto h-col-auto style-190-outer style-local-33-c7-outer\">\n<div data-colibri-id=\"33-c7\" class=\"d-flex h-flex-basis h-column__inner h-ui-empty-state-container h-px-lg-0 h-px-md-0 h-px-0 v-inner-lg-0 v-inner-md-0 v-inner-0 style-190 style-local-33-c7 position-relative\">\n              <!----><br \/>\n              <!----><\/p>\n<div class=\"w-100 h-y-container h-column__content h-column__v-align flex-basis-100\">\n                <!---->\n              <\/div>\n<\/p><\/div>\n<\/p><\/div>\n<div class=\"h-column h-column-container d-flex h-col-lg-auto h-col-md-auto h-col-auto style-191-outer style-local-33-c8-outer\">\n<div data-colibri-id=\"33-c8\" class=\"d-flex h-flex-basis h-column__inner h-px-lg-2 h-px-md-2 h-px-2 v-inner-lg-2 v-inner-md-2 v-inner-2 style-191 style-local-33-c8 position-relative\">\n              <!----><br \/>\n              <!----><\/p>\n<div class=\"w-100 h-y-container h-column__content h-column__v-align flex-basis-100 align-self-lg-start align-self-md-start align-self-start\">\n                <!----><\/p>\n<div data-colibri-id=\"33-c9\" class=\"h-global-transition-all h-heading style-192 style-local-33-c9 position-relative h-element\">\n                  <!----><\/p>\n<div class=\"h-heading__outer style-192 style-local-33-c9\">\n                    <!----><br \/>\n                    <!----><\/p>\n<h4 class=\"\">Qui Sommes nous ?<\/h4>\n<\/p><\/div>\n<\/p><\/div>\n<div data-colibri-id=\"33-c10\" class=\"h-global-transition-all h-heading style-193 style-local-33-c10 position-relative h-element\">\n                  <!----><\/p>\n<div class=\"h-heading__outer style-193 style-local-33-c10\">\n                    <!----><br \/>\n                    <!----><\/p>\n<h4 class=\"\">De l\u2019entrep\u00f4t \u00e0 vos clients, en toute confiance<\/h4>\n<\/p><\/div>\n<\/p><\/div>\n<div data-colibri-id=\"33-c11\" class=\"h-text h-text-component style-194 style-local-33-c11 position-relative h-element\">\n                  <!----><br \/>\n                  <!----><\/p>\n<div class=\"\">\n<p><span style=\"font-family: Arial; color: rgb(107, 102, 102); font-size: 14pt;\">REFLEX DEVELOPPEMENT est un prestataire logistique qui intervient exclusivement dans l\u2019activit\u00e9 d\u2019UNITEX SERVICE France dans des domaines aussi vari\u00e9s que la r\u00e9ception de marchandise, l\u2019entreposage la pr\u00e9paration de commandes et la distribution toute France.<\/span><\/p>\n<p><span style=\"font-family: Arial; color: rgb(107, 102, 102); font-size: 14pt;\">Pour ce faire, il s\u2019est dot\u00e9 de 25 000 m\u00b2 d\u2019entrep\u00f4ts logistiques et intervient \u00e9galement dans l\u2019activit\u00e9 douani\u00e8re du groupe : \u00e9tablissement des d\u00e9clarations en douane, entrep\u00f4t douanier de stockage et a ainsi obtenu la certification OEA en mai 2016, label douanier indispensable \u00e0 cette activit\u00e9.<\/span><\/p>\n<\/p><\/div>\n<\/p><\/div>\n<\/p><\/div>\n<\/p><\/div>\n<\/p><\/div>\n<\/p><\/div>\n<\/p><\/div>\n<\/p><\/div>\n<\/p><\/div>\n<\/div>\n","protected":false},"excerpt":{"rendered":"<p>Qui Sommes nous ? De l\u2019entrep\u00f4t \u00e0 vos clients, en toute confiance REFLEX DEVELOPPEMENT est un prestataire logistique qui intervient exclusivement dans l\u2019activit\u00e9 d\u2019UNITEX SERVICE France dans des domaines aussi vari\u00e9s que la r\u00e9ception de marchandise, l\u2019entreposage la pr\u00e9paration de commandes et la distribution toute France. Pour ce faire, il s\u2019est dot\u00e9 de 25 000 [&hellip;]<\/p>\n","protected":false},"author":1,"featured_media":0,"parent":0,"menu_order":0,"comment_status":"closed","ping_status":"closed","template":"page-templates\/homepage.php","meta":{"_uag_custom_page_level_css":"","footnotes":""},"class_list":["post-33","page","type-page","status-publish","hentry"],"uagb_featured_image_src":{"full":false,"thumbnail":false,"medium":false,"medium_large":false,"large":false,"1536x1536":false,"2048x2048":false},"uagb_author_info":{"display_name":"intex","author_link":"https:\/\/reflex-developpement.fr\/?author=1"},"uagb_comment_info":0,"uagb_excerpt":"Qui Sommes nous ? De l\u2019entrep\u00f4t \u00e0 vos clients, en toute confiance REFLEX DEVELOPPEMENT est un prestataire logistique qui intervient exclusivement dans l\u2019activit\u00e9 d\u2019UNITEX SERVICE France dans des domaines aussi vari\u00e9s que la r\u00e9ception de marchandise, l\u2019entreposage la pr\u00e9paration de commandes et la distribution toute France. Pour ce faire, il s\u2019est dot\u00e9 de 25 000\u2026","_links":{"self":[{"href":"https:\/\/reflex-developpement.fr\/index.php?rest_route=\/wp\/v2\/pages\/33","targetHints":{"allow":["GET"]}}],"collection":[{"href":"https:\/\/reflex-developpement.fr\/index.php?rest_route=\/wp\/v2\/pages"}],"about":[{"href":"https:\/\/reflex-developpement.fr\/index.php?rest_route=\/wp\/v2\/types\/page"}],"author":[{"embeddable":true,"href":"https:\/\/reflex-developpement.fr\/index.php?rest_route=\/wp\/v2\/users\/1"}],"replies":[{"embeddable":true,"href":"https:\/\/reflex-developpement.fr\/index.php?rest_route=%2Fwp%2Fv2%2Fcomments&post=33"}],"version-history":[{"count":4,"href":"https:\/\/reflex-developpement.fr\/index.php?rest_route=\/wp\/v2\/pages\/33\/revisions"}],"predecessor-version":[{"id":144,"href":"https:\/\/reflex-developpement.fr\/index.php?rest_route=\/wp\/v2\/pages\/33\/revisions\/144"}],"wp:attachment":[{"href":"https:\/\/reflex-developpement.fr\/index.php?rest_route=%2Fwp%2Fv2%2Fmedia&parent=33"}],"curies":[{"name":"wp","href":"https:\/\/api.w.org\/{rel}","templated":true}]}}