{"id":28,"date":"2025-10-02T16:48:18","date_gmt":"2025-10-02T14:48:18","guid":{"rendered":"https:\/\/reflex-developpement.fr\/?page_id=28"},"modified":"2025-10-10T12:46:36","modified_gmt":"2025-10-10T10:46:36","slug":"mentions-legales","status":"publish","type":"page","link":"https:\/\/reflex-developpement.fr\/?page_id=28","title":{"rendered":"Mentions L\u00e9gales"},"content":{"rendered":"\n<p><strong>1. Pr\u00e9sentation du site<\/strong><\/p>\n\n\n\n<p>En vertu de l&rsquo;article 6 de la loi n\u00b0 2004-575 du 21 juin 2004 pour la confiance dans l&rsquo;\u00e9conomie num\u00e9rique, il est pr\u00e9cis\u00e9 aux utilisateurs du site&nbsp;<a href=\"https:\/\/www.reflex-developpement.fr\/\">https:\/\/www.reflex-developpement.fr<\/a>&nbsp;l&rsquo;identit\u00e9 des diff\u00e9rents intervenants dans le cadre de sa r\u00e9alisation et de son suivi :<\/p>\n\n\n\n<p>Propri\u00e9taire : INTEX \u2013 REFLEX DEVELOPPEMENT SAS \u2013 ZA De Milleure Bois du Ban N\u00b04 71480 LE MIROIR<\/p>\n\n\n\n<p>Cr\u00e9ateur : INTEX<\/p>\n\n\n\n<p>Responsable publication : INTEX \u2013&nbsp;<a href=\"javascript:x5engine.utils.emailTo('12234123','r.fexintter@smaweb','','')\">webmaster@intex.fr<\/a><\/p>\n\n\n\n<p>Le responsable publication est une personne physique ou une personne morale.<\/p>\n\n\n\n<p>Webmaster : INTEX \u2013&nbsp;<a href=\"javascript:x5engine.utils.emailTo('12234123','r.fexintter@smaweb','','')\">webmaster@intex.fr<\/a><\/p>\n\n\n\n<p>H\u00e9bergeur : OVH \u2013 OVH SAS, 2 rue Kellermann &#8211; 59100 Roubaix &#8211; France<\/p>\n\n\n\n<p><strong>2. Conditions g\u00e9n\u00e9rales d\u2019utilisation du site et des services propos\u00e9s<\/strong><\/p>\n\n\n\n<p>L\u2019utilisation du site https:\/\/www.reflex-developpement.fr implique l\u2019acceptation pleine et enti\u00e8re des conditions g\u00e9n\u00e9rales d\u2019utilisation ci-apr\u00e8s d\u00e9crites. Ces conditions d\u2019utilisation sont susceptibles d\u2019\u00eatre modifi\u00e9es ou compl\u00e9t\u00e9es \u00e0 tout moment, les utilisateurs du site&nbsp;<a href=\"https:\/\/www.reflex-developpement.fr\/\">https:\/\/www.reflex-developpement.fr<\/a>&nbsp;sont donc invit\u00e9s \u00e0 les consulter de mani\u00e8re r\u00e9guli\u00e8re.<\/p>\n\n\n\n<p>Ce site est normalement accessible \u00e0 tout moment aux utilisateurs. Une interruption pour raison de maintenance technique peut \u00eatre toutefois d\u00e9cid\u00e9e par&nbsp;<a href=\"https:\/\/www.reflex-developpement.fr\/\">https:\/\/www.reflex-developpement.fr<\/a>, qui s\u2019efforcera alors de communiquer pr\u00e9alablement aux utilisateurs les dates et heures de l\u2019intervention.<\/p>\n\n\n\n<p>Le site&nbsp;<a href=\"https:\/\/www.reflex-developpement.fr\/\">https:\/\/www.reflex-developpement.fr<\/a>&nbsp;est mis \u00e0 jour r\u00e9guli\u00e8rement par Adjectif. De la m\u00eame fa\u00e7on, les mentions l\u00e9gales peuvent \u00eatre modifi\u00e9es \u00e0 tout moment : elles s\u2019imposent n\u00e9anmoins \u00e0 l\u2019utilisateur qui est invit\u00e9 \u00e0 s\u2019y r\u00e9f\u00e9rer le plus souvent possible afin d\u2019en prendre connaissance.<\/p>\n\n\n\n<p><strong>3. Description des services fournis<\/strong><\/p>\n\n\n\n<p>Le site https:\/\/www.reflex-developpement.fr a pour objet de fournir une information concernant l\u2019ensemble des activit\u00e9s de la soci\u00e9t\u00e9.<\/p>\n\n\n\n<p>INTEX \u2013 REFLEX DEVELOPPEMENT SAS s\u2019efforce de fournir sur le site&nbsp;<a href=\"https:\/\/www.reflex-developpement.fr\/\">https:\/\/www.reflex-developpement.fr<\/a>&nbsp;des informations aussi pr\u00e9cises que possible. Toutefois, il ne pourra \u00eatre tenue responsable des omissions, des inexactitudes et des carences dans la mise \u00e0 jour, qu\u2019elles soient de son fait ou du fait des tiers partenaires qui lui fournissent ces informations.<\/p>\n\n\n\n<p>Toutes les informations indiqu\u00e9es sur le site&nbsp;<a href=\"https:\/\/www.reflex-developpement.fr\/\">https:\/\/www.reflex-developpement.fr<\/a>&nbsp;sont fournies \u00e0 titre indicatif, et sont susceptibles d\u2019\u00e9voluer. Par ailleurs, les renseignements figurant sur le site https:\/\/www.reflex-developpement.fr ne sont pas exhaustifs. Ils sont donn\u00e9s sous r\u00e9serve de modifications ayant \u00e9t\u00e9 apport\u00e9es depuis leur mise en ligne.<\/p>\n\n\n\n<p><strong>4. Limitations contractuelles sur les donn\u00e9es techniques<\/strong><\/p>\n\n\n\n<p>Le site Internet ne pourra \u00eatre tenu responsable de dommages mat\u00e9riels li\u00e9s \u00e0 l\u2019utilisation du site. De plus, l\u2019utilisateur du site s\u2019engage \u00e0 acc\u00e9der au site en utilisant un mat\u00e9riel r\u00e9cent, ne contenant pas de virus et avec un navigateur de derni\u00e8re g\u00e9n\u00e9ration mis-\u00e0-jour.<\/p>\n\n\n\n<p><strong>5. Propri\u00e9t\u00e9 intellectuelle et contrefa\u00e7ons<\/strong><\/p>\n\n\n\n<p>INTEX \u2013 REFLEX DEVELOPPEMENT SAS est propri\u00e9taire des droits de propri\u00e9t\u00e9 intellectuelle ou d\u00e9tient les droits d\u2019usage sur tous les \u00e9l\u00e9ments accessibles sur le site, notamment les textes, images, graphismes, logo, ic\u00f4nes, sons, logiciels.<\/p>\n\n\n\n<p>Toute reproduction, repr\u00e9sentation, modification, publication, adaptation de tout ou partie des \u00e9l\u00e9ments du site, quel que soit le moyen ou le proc\u00e9d\u00e9 utilis\u00e9, est interdite, sauf autorisation \u00e9crite pr\u00e9alable de : INTEX \u2013 REFLEX DEVELOPPEMENT SAS.<\/p>\n\n\n\n<p>Toute exploitation non autoris\u00e9e du site ou de l\u2019un quelconque des \u00e9l\u00e9ments qu\u2019il contient sera consid\u00e9r\u00e9e comme constitutive d\u2019une contrefa\u00e7on et poursuivie conform\u00e9ment aux dispositions des articles L.335-2 et suivants du Code de Propri\u00e9t\u00e9 Intellectuelle.<\/p>\n\n\n\n<p>6. Limitations de responsabilit\u00e9<\/p>\n\n\n\n<p>INTEX \u2013 REFLEX DEVELOPPEMENT SAS ne pourra \u00eatre tenue responsable des dommages directs et indirects caus\u00e9s au mat\u00e9riel de l\u2019utilisateur, lors de l\u2019acc\u00e8s au site INTEX \u2013 REFLEX DEVELOPPEMENT SAS, et r\u00e9sultant soit de l\u2019utilisation d\u2019un mat\u00e9riel ne r\u00e9pondant pas aux sp\u00e9cifications indiqu\u00e9es au point 4, soit de l\u2019apparition d\u2019un bug ou d\u2019une incompatibilit\u00e9.<\/p>\n\n\n\n<p>INTEX \u2013 REFLEX DEVELOPPEMENT SAS ne pourra \u00e9galement \u00eatre tenue responsable des dommages indirects (tels par exemple qu\u2019une perte de march\u00e9 ou perte d\u2019une chance) cons\u00e9cutifs \u00e0 l\u2019utilisation du site&nbsp;<a href=\"https:\/\/www.reflex-developpement.fr\/\">https:\/\/www.reflex-developpement.fr<\/a>.<\/p>\n\n\n\n<p>Des espaces interactifs (possibilit\u00e9 de poser des questions dans l\u2019espace contact) sont \u00e0 la disposition des utilisateurs. INTEX \u2013 REFLEX DEVELOPPEMENT SAS se r\u00e9serve le droit de supprimer, sans mise en demeure pr\u00e9alable, tout contenu d\u00e9pos\u00e9 dans cet espace qui contreviendrait \u00e0 la l\u00e9gislation applicable en France, en particulier aux dispositions relatives \u00e0 la protection des donn\u00e9es. Le cas \u00e9ch\u00e9ant, INTEX \u2013 REFLEX DEVELOPPEMENT SAS se r\u00e9serve \u00e9galement la possibilit\u00e9 de mettre en cause la responsabilit\u00e9 civile et\/ou p\u00e9nale de l\u2019utilisateur, notamment en cas de message \u00e0 caract\u00e8re raciste, injurieux, diffamant, ou pornographique, quel que soit le support utilis\u00e9 (texte, photographie\u2026).<\/p>\n\n\n\n<p><strong>7. Informations relatives \u00e0 vos donn\u00e9es personnelles<\/strong><\/p>\n\n\n\n<p><strong>7.1 Finalit\u00e9s et destinataires des traitements<\/strong><\/p>\n\n\n\n<p>En France, les donn\u00e9es personnelles sont notamment prot\u00e9g\u00e9es par :<\/p>\n\n\n\n<ul class=\"wp-block-list\">\n<li>la loi n\u00b0 78-87 du 6 janvier 1978,<\/li>\n\n\n\n<li>la loi n\u00b0 2004-801 du 6 ao\u00fbt 2004,<\/li>\n\n\n\n<li>l&rsquo;article L. 226-13 du Code p\u00e9nal<\/li>\n\n\n\n<li>la directive europ\u00e9enne du 24 octobre 1995<\/li>\n\n\n\n<li>Le r\u00e8glement (UE) 2016\/679<\/li>\n\n\n\n<li>La directive (UE) 2016\/680<\/li>\n<\/ul>\n\n\n\n<p>Dans le cadre de votre navigation sur le site www.intex.fr, &nbsp;vous pouvez \u00eatre amen\u00e9 \u00e0 renseigner des donn\u00e9es personnelles. Ces donn\u00e9es seront trait\u00e9es de INTEX \u2013 REFLEX DEVELOPPEMENT SAS, responsable de traitement, et sont destin\u00e9es \u00e0 INTEX \u2013 REFLEX DEVELOPPEMENT SAS, REFLEX DEVELOPPEMENT et leurs prestataires. Elles peuvent \u00eatre transmises \u00e0 des partenaires, avec votre consentement expr\u00e8s pour le suivi et d la livraison de votre commande. &nbsp;<\/p>\n\n\n\n<p>Les donn\u00e9es \u00e0 caract\u00e8re personnel collect\u00e9es dans le cadre du site web sont trait\u00e9es par Unitex Service France aux fins suivantes :<\/p>\n\n\n\n<ul class=\"wp-block-list\">\n<li>faciliter votre navigation sur notre site<\/li>\n\n\n\n<li>diagnostiquer les probl\u00e8mes de notre serveur et am\u00e9liorer la gestion de notre site<\/li>\n\n\n\n<li>g\u00e9rer votre panier d&rsquo;achats<\/li>\n\n\n\n<li>effectuer des analyses d&rsquo;audience, proc\u00e9der \u00e0 des statistiques<\/li>\n\n\n\n<li>prendre en compte votre commande<\/li>\n\n\n\n<li>assurer le suivi et la livraison de votre commande<\/li>\n\n\n\n<li>proc\u00e9der \u00e0 la Facturation<\/li>\n<\/ul>\n\n\n\n<p>Les donn\u00e9es \u00e0 caract\u00e8re personnel sont ainsi trait\u00e9es pour nous permettre de satisfaire les commandes pass\u00e9es ou afin de satisfaire l&rsquo;int\u00e9r\u00eat l\u00e9gitime d\u2019INTEX \u2013 REFLEX DEVELOPPEMENT SAS de vous faire appr\u00e9cier ses produits et services \u00e0 travers son site web.<\/p>\n\n\n\n<p>Les prestataires de services assistant INTEX \u2013 REFLEX DEVELOPPEMENT SAS dans la maintenance et la gestion de la base de donn\u00e9es clients sont situ\u00e9s en France.<\/p>\n\n\n\n<p>Par ailleurs, veuillez noter que sauf opposition de votre part, les donn\u00e9es \u00e0 caract\u00e8re personnel vous concernant peuvent \u00eatre c\u00e9d\u00e9es en cas d&rsquo;op\u00e9rations de cession d&rsquo;actifs, fusion, acquisition ou autres op\u00e9rations de restructuration affectant INTEX \u2013 REFLEX DEVELOPPEMENT SAS.<\/p>\n\n\n\n<p><strong>7.2 Droits des personnes concern\u00e9es<\/strong><\/p>\n\n\n\n<p>Vous disposez d&rsquo;un droit d&rsquo;acc\u00e9der aux donn\u00e9es vous concernant, et le cas \u00e9ch\u00e9ant, d&rsquo;en demander la rectification et l&rsquo;effacement.<\/p>\n\n\n\n<p>Vous avez \u00e9galement la possibilit\u00e9 d&rsquo;exercer votre droit d&rsquo;opposition au traitement des donn\u00e9es \u00e0 caract\u00e8re personnel vous concernant.<\/p>\n\n\n\n<p>A compter du 25 mai 2018, vous \u00eates en droit de demander la portabilit\u00e9 de vos donn\u00e9es \u00e0 caract\u00e8re personnel dans les limites autoris\u00e9es par la loi, sous un format structur\u00e9, couramment utilis\u00e9 et lisible par la&nbsp;machine et pouvez solliciter la limitation du traitement de vos donn\u00e9es.<\/p>\n\n\n\n<p>Enfin, vous disposez du droit de d\u00e9finir des directives relatives au sort de vos donn\u00e9es \u00e0 caract\u00e8re personnel apr\u00e8s votre mort.<\/p>\n\n\n\n<p>Vous pouvez exercer ces droits en contactant le D\u00e9l\u00e9gu\u00e9 \u00e0 la Protection des Donn\u00e9es Personnelles, INTEX :&nbsp;<a href=\"javascript:x5engine.utils.emailTo('12234123','r.fexintter@smaweb','','')\">webmaster@intex.fr<\/a>.<\/p>\n\n\n\n<p>Pour les partenaires, vous pouvez exercer en les contactant directement.<\/p>\n\n\n\n<p>Vous avez la facult\u00e9 d&rsquo;introduire une r\u00e9clamation aupr\u00e8s de la CNIL.<\/p>\n\n\n\n<p>Les donn\u00e9es de navigation sont conserv\u00e9es selon leur finalit\u00e9, le temps de la session ou pour une dur\u00e9e d\u00e9pendant de plusieurs facteurs tels que :<\/p>\n\n\n\n<ul class=\"wp-block-list\">\n<li>La raison pour laquelle nous avons collect\u00e9e les donn\u00e9es en premier lieu.<\/li>\n\n\n\n<li>Leur degr\u00e9 d\u2019anciennet\u00e9<\/li>\n\n\n\n<li>S\u2019il y a une raison l\u00e9gale ou r\u00e8glementaire de conserver la donn\u00e9e<\/li>\n\n\n\n<li>Si nous devons vous ou nous prot\u00e9ger.<\/li>\n<\/ul>\n\n\n\n<p>Les donn\u00e9es de compte sont conserv\u00e9es tant que le compte est actif et ensuite archiv\u00e9es conform\u00e9ment \u00e0 la prescription l\u00e9gale applicable. Les donn\u00e9es relatives \u00e0 une transaction sont conserv\u00e9es jusqu&rsquo;\u00e0 la fin de la transaction et ensuite archiv\u00e9es pour la dur\u00e9e requise par la prescription l\u00e9gale applicable.<\/p>\n\n\n\n<p>Ainsi, la dur\u00e9e de conservation est de 10 ans pour les commandes et factures, dont 8 ans en base archive.<\/p>\n\n\n\n<p>En cas de demande de suppression de vos donn\u00e9es \u00e0 caract\u00e8re personnel, nous pourrons toutefois les conserver dans nos archives et ce pour la dur\u00e9e n\u00e9cessaire \u00e0 satisfaire \u00e0 nos obligations l\u00e9gales, comptables et fiscales et notamment, afin de pr\u00e9venir d&rsquo;\u00e9ventuels comportements illicites apr\u00e8s la suppression de votre compte.<\/p>\n\n\n\n<p><strong>7.3 Formulaires d&rsquo;enregistrement et de commande<\/strong><\/p>\n\n\n\n<p>Notre formulaire d&rsquo;enregistrement et de commande implique que vous nous fournissiez des informations (nom, e-mail, adresse postale&#8230;) qui nous permettront de vous contacter, des identificateurs uniques (nom d&rsquo;utilisateur et mot de passe), des informations d\u00e9mographiques (code postal&#8230;) et des informations financi\u00e8res (num\u00e9ros de cartes de cr\u00e9dit, de compte&#8230;).<\/p>\n\n\n\n<p>Les informations dites \u00ab\u00a0de contact\u00a0\u00bb et d\u00e9mographique permettent de traiter et d&rsquo;exp\u00e9dier vos commandes. Elles permettent \u00e9galement de vous contacter en cas de besoin.<\/p>\n\n\n\n<p>Les identificateurs (nom d&rsquo;utilisateur, mot de passe, &#8230;) de toutes les personnes qui visitent notre site Web permettent de v\u00e9rifier leur identit\u00e9.<\/p>\n\n\n\n<p>Enfin, les informations financi\u00e8res nous permettent de v\u00e9rifier que la personne concern\u00e9e peut \u00eatre enregistr\u00e9e, et de lui facturer les produits et les services demand\u00e9s.<\/p>\n\n\n\n<p>Nos op\u00e9ratrices peuvent \u00eatre amen\u00e9es \u00e0 saisir les commandes \u00e0 votre place dans le cadre d\u2019une commande par t\u00e9l\u00e9phone ou par email. Ces informations seront enregistr\u00e9es dans nos bases de donn\u00e9es. &nbsp;Les m\u00eames modalit\u00e9s de protection des donn\u00e9es personnelles s\u2019appliqueront aux informations que vous nous aurez fournis.<\/p>\n\n\n\n<p><strong>7.4 Liens avec d&rsquo;autres sites Web<\/strong><\/p>\n\n\n\n<p>Ce site contient des liens avec d&rsquo;autres sites INTEX \u2013 REFLEX DEVELOPPEMENT SAS n&rsquo;est pas responsable des pratiques de confidentialit\u00e9 ou du contenu de ces sites Web.<\/p>\n\n\n\n<p><strong>7.5 Cookies<\/strong><\/p>\n\n\n\n<p>Lorsque vous vous connectez \u00e0 notre site, nous pouvons \u00eatre amen\u00e9s, sous r\u00e9serve de vos choix, \u00e0 installer divers Cookies dans votre terminal permettant de reconna\u00eetre le navigateur de votre terminal pendant la dur\u00e9e de validit\u00e9 du Cookie concern\u00e9. Un cookie est un fichier de petite taille, qui ne permet pas l\u2019identification de l\u2019utilisateur, mais qui enregistre des informations relatives \u00e0 la navigation d\u2019un ordinateur sur un site.<\/p>\n\n\n\n<p>Les Cookies que nous \u00e9mettons sont utilis\u00e9s aux fins d\u00e9crites ci-dessous, sous r\u00e9serve de vos choix, qui r\u00e9sultent des param\u00e8tres de votre logiciel de navigation utilis\u00e9 lors de votre visite de notre site.<\/p>\n\n\n\n<p>Les Cookies que nous \u00e9mettons nous permettent :<\/p>\n\n\n\n<ul class=\"wp-block-list\">\n<li>d&rsquo;\u00e9tablir des statistiques et volumes de fr\u00e9quentation et d&rsquo;utilisation des diverses \u00e9l\u00e9ments composant notre site (rubriques et contenus visit\u00e9s, parcours), nous permettant d&rsquo;am\u00e9liorer l&rsquo;int\u00e9r\u00eat et l&rsquo;ergonomie de notre site ;<\/li>\n\n\n\n<li>de m\u00e9moriser des informations relatives \u00e0 un formulaire que vous avez rempli sur notre site (inscription ou acc\u00e8s \u00e0 votre compte) ou \u00e0 des produits, services ou informations que vous avez choisis sur notre site ou sur (service souscrit, contenu d&rsquo;un panier de commande, etc.) ;<\/li>\n\n\n\n<li>de vous permettre d&rsquo;acc\u00e9der \u00e0 des espaces r\u00e9serv\u00e9s et personnels de notre site , tels que votre compte, gr\u00e2ce \u00e0 des identifiants ou des donn\u00e9es que vous nous avez \u00e9ventuellement ant\u00e9rieurement confi\u00e9s ;<\/li>\n<\/ul>\n\n\n\n<ul class=\"wp-block-list\">\n<li>de mettre en \u0153uvre des mesures de s\u00e9curit\u00e9, par exemple lorsqu&rsquo;il vous est demand\u00e9 de vous connecter \u00e0 nouveau \u00e0 un contenu ou \u00e0 un service apr\u00e8s un certain laps de temps.<\/li>\n<\/ul>\n\n\n\n<p>Vous pouvez configurer votre logiciel de navigation de mani\u00e8re \u00e0 ce que des Cookies soient enregistr\u00e9s dans votre terminal ou, au contraire, qu&rsquo;ils soient rejet\u00e9s, soit syst\u00e9matiquement, soit selon leur \u00e9metteur. Vous pouvez \u00e9galement configurer votre logiciel de navigation de mani\u00e8re \u00e0 ce que l&rsquo;acceptation ou le refus des Cookies vous soient propos\u00e9s ponctuellement, avant qu&rsquo;un Cookie soit susceptible d&rsquo;\u00eatre enregistr\u00e9 dans votre terminal.<\/p>\n\n\n\n<p>L\u2019utilisateur peut toutefois configurer son ordinateur, pour refuser l\u2019installation des cookies<\/p>\n\n\n\n<p><strong>7.6 Contactez-nous<\/strong><\/p>\n\n\n\n<p>Pour toute question sur cette politique de s\u00e9curit\u00e9 et de confidentialit\u00e9, sur les pratiques de ce site en mati\u00e8re de donn\u00e9es personnelles, veuillez contacter: INTEX. Si vous avez des questions sur vos transactions sur ce site Web, n&rsquo;h\u00e9sitez pas \u00e0 contacter INTEX<\/p>\n\n\n\n<p><strong>7.7 Mise \u00e0 jour<\/strong><\/p>\n\n\n\n<p>Cette politique de s\u00e9curit\u00e9 et confidentialit\u00e9 est susceptible d&rsquo;\u00eatre mise \u00e0 jour. Nous vous invitons donc \u00e0 la consulter r\u00e9guli\u00e8rement.<\/p>\n\n\n\n<p>La derni\u00e8re mise \u00e0 jour est intervenue le 11 d\u00e9cembre 2018.<\/p>\n\n\n\n<p><strong>8 Droit applicable et attribution de juridiction<\/strong><\/p>\n\n\n\n<p>Tout litige en relation avec l\u2019utilisation du site&nbsp;<a href=\"https:\/\/www.reflex-developpement.fr\/\">https:\/\/www.reflex-developpement.fr<\/a>&nbsp;est soumis au droit fran\u00e7ais. Il est fait attribution exclusive de juridiction aux tribunaux comp\u00e9tents de Paris.<\/p>\n\n\n\n<p><strong>9. Les principales lois concern\u00e9es<\/strong><\/p>\n\n\n\n<p>Loi n\u00b0 78-87 du 6 janvier 1978, notamment modifi\u00e9e par la loi n\u00b0 2004-801 du 6 ao\u00fbt 2004 relative \u00e0 l&rsquo;informatique, aux fichiers et aux libert\u00e9s.<\/p>\n\n\n\n<p>Loi n\u00b0 2004-575 du 21 juin 2004 pour la confiance dans l&rsquo;\u00e9conomie num\u00e9rique.<\/p>\n\n\n\n<p><strong>10. Lexique<\/strong><\/p>\n\n\n\n<p>Utilisateur : Internaute se connectant, utilisant le site susnomm\u00e9.<\/p>\n\n\n\n<p>Informations personnelles : \u00ab les informations qui permettent, sous quelque forme que ce soit, directement ou non, l&rsquo;identification des personnes physiques auxquelles elles s&rsquo;appliquent \u00bb (article 4 de la loi n\u00b0 78-17 du 6 janvier 1978).<\/p>\n","protected":false},"excerpt":{"rendered":"<p>1. Pr\u00e9sentation du site En vertu de l&rsquo;article 6 de la loi n\u00b0 2004-575 du 21 juin 2004 pour la confiance dans l&rsquo;\u00e9conomie num\u00e9rique, il est pr\u00e9cis\u00e9 aux utilisateurs du site&nbsp;https:\/\/www.reflex-developpement.fr&nbsp;l&rsquo;identit\u00e9 des diff\u00e9rents intervenants dans le cadre de sa r\u00e9alisation et de son suivi : Propri\u00e9taire : INTEX \u2013 REFLEX DEVELOPPEMENT SAS \u2013 ZA De [&hellip;]<\/p>\n","protected":false},"author":1,"featured_media":0,"parent":0,"menu_order":0,"comment_status":"closed","ping_status":"closed","template":"","meta":{"_uag_custom_page_level_css":"","footnotes":""},"class_list":["post-28","page","type-page","status-publish","hentry"],"uagb_featured_image_src":{"full":false,"thumbnail":false,"medium":false,"medium_large":false,"large":false,"1536x1536":false,"2048x2048":false},"uagb_author_info":{"display_name":"intex","author_link":"https:\/\/reflex-developpement.fr\/?author=1"},"uagb_comment_info":0,"uagb_excerpt":"1. Pr\u00e9sentation du site En vertu de l&rsquo;article 6 de la loi n\u00b0 2004-575 du 21 juin 2004 pour la confiance dans l&rsquo;\u00e9conomie num\u00e9rique, il est pr\u00e9cis\u00e9 aux utilisateurs du site&nbsp;https:\/\/www.reflex-developpement.fr&nbsp;l&rsquo;identit\u00e9 des diff\u00e9rents intervenants dans le cadre de sa r\u00e9alisation et de son suivi : Propri\u00e9taire : INTEX \u2013 REFLEX DEVELOPPEMENT SAS \u2013 ZA De\u2026","_links":{"self":[{"href":"https:\/\/reflex-developpement.fr\/index.php?rest_route=\/wp\/v2\/pages\/28","targetHints":{"allow":["GET"]}}],"collection":[{"href":"https:\/\/reflex-developpement.fr\/index.php?rest_route=\/wp\/v2\/pages"}],"about":[{"href":"https:\/\/reflex-developpement.fr\/index.php?rest_route=\/wp\/v2\/types\/page"}],"author":[{"embeddable":true,"href":"https:\/\/reflex-developpement.fr\/index.php?rest_route=\/wp\/v2\/users\/1"}],"replies":[{"embeddable":true,"href":"https:\/\/reflex-developpement.fr\/index.php?rest_route=%2Fwp%2Fv2%2Fcomments&post=28"}],"version-history":[{"count":1,"href":"https:\/\/reflex-developpement.fr\/index.php?rest_route=\/wp\/v2\/pages\/28\/revisions"}],"predecessor-version":[{"id":29,"href":"https:\/\/reflex-developpement.fr\/index.php?rest_route=\/wp\/v2\/pages\/28\/revisions\/29"}],"wp:attachment":[{"href":"https:\/\/reflex-developpement.fr\/index.php?rest_route=%2Fwp%2Fv2%2Fmedia&parent=28"}],"curies":[{"name":"wp","href":"https:\/\/api.w.org\/{rel}","templated":true}]}}